{"id":1411,"date":"2018-07-30T14:21:38","date_gmt":"2018-07-30T12:21:38","guid":{"rendered":"https:\/\/fablab-montagny-pres-louhans.fr\/?page_id=1411"},"modified":"2023-04-01T12:22:00","modified_gmt":"2023-04-01T10:22:00","slug":"reglement-interieur","status":"publish","type":"page","link":"https:\/\/fablab-montagny-pres-louhans.fr\/index.php\/reglement-interieur\/","title":{"rendered":"R\u00e8glement int\u00e9rieur"},"content":{"rendered":"<p>[et_pb_section fb_built=\u00a0\u00bb1&Prime; _builder_version=\u00a0\u00bb4.16&Prime; global_colors_info=\u00a0\u00bb{}\u00a0\u00bb][et_pb_row _builder_version=\u00a0\u00bb4.16&Prime; background_size=\u00a0\u00bbinitial\u00a0\u00bb background_position=\u00a0\u00bbtop_left\u00a0\u00bb background_repeat=\u00a0\u00bbrepeat\u00a0\u00bb global_colors_info=\u00a0\u00bb{}\u00a0\u00bb][et_pb_column type=\u00a0\u00bb4_4&Prime; _builder_version=\u00a0\u00bb4.16&Prime; custom_padding=\u00a0\u00bb|||\u00a0\u00bb global_colors_info=\u00a0\u00bb{}\u00a0\u00bb custom_padding__hover=\u00a0\u00bb|||\u00a0\u00bb][et_pb_text _builder_version=\u00a0\u00bb4.20.2&Prime; background_size=\u00a0\u00bbinitial\u00a0\u00bb background_position=\u00a0\u00bbtop_left\u00a0\u00bb background_repeat=\u00a0\u00bbrepeat\u00a0\u00bb hover_enabled=\u00a0\u00bb0&Prime; global_colors_info=\u00a0\u00bb{}\u00a0\u00bb sticky_enabled=\u00a0\u00bb0&Prime;]<\/p>\n<h2 style=\"text-align: center;\"><strong>REGLEMENT INTERIEUR 2023 &#8211; FABLAB Labo\u2019M<\/strong><\/h2>\n<h3><strong>Introduction<\/strong><\/h3>\n<p>Le Fablab Labo\u2019M , Association \u00e0 but non lucratif (Loi du 1er juillet 1901 article 5) d\u00e9clar\u00e9e au JO du 20 d\u00e9cembre 2014 n\u00b0 d\u2019annonce 1345, inscrit en pr\u00e9fecture sous le n\u00b0 W714001625 et \u00e0 l\u2019INSEE n\u00b0 SIREN 808 670 277.<br \/>Ce r\u00e8glement int\u00e9rieur peut \u00eatre modifi\u00e9 par les membres du bureau et les FabManagers *.<\/p>\n<p>Ce r\u00e8glement est affich\u00e9 dans les locaux du fablab 1400 Route de Louhans \u00e0 Montagny pr\u00e8s Louhans.<\/p>\n<h3><strong>R\u00e8glement<\/strong><\/h3>\n<h4><strong><u>1.Usagers et fonctions<\/u><\/strong><\/h4>\n<ul>\n<li><strong>Adh\u00e9rent : <\/strong>personne physique ou morale \u00e0 jour de cotisation.<\/li>\n<li><strong><sup>*<\/sup>FabManager<\/strong><\/li>\n<\/ul>\n<p>Un FabManager est un adh\u00e9rent du Fablab fr\u00e9quentant r\u00e9guli\u00e8rement le Labo, ayant la connaissance de certaines machines et capable de former \u00e0 leur utilisation en toute s\u00e9curit\u00e9. Outre cela, il a \u00e9galement la charge\u00a0:<\/p>\n<ul>\n<li style=\"list-style-type: none;\">\n<ul>\n<li>De l\u2019ouverture et la fermeture du local du fablab<\/li>\n<li>D\u2019accueillir les adh\u00e9rents et le public<\/li>\n<li>D\u2019encadrer les activit\u00e9s (utilisation des \u00e9quipements, respect des consignes de s\u00e9curit\u00e9)<\/li>\n<\/ul>\n<\/li>\n<li>Par mesure de s\u00e9curit\u00e9, le fablab n\u2019est accessible qu\u2019en la pr\u00e9sence d\u2019un FabManager.<\/li>\n<\/ul>\n<p>La liste des FabManagers n\u2019est pas fig\u00e9e et peut \u00eatre modifi\u00e9e r\u00e9guli\u00e8rement en fonction du rythme des d\u00e9parts, des arriv\u00e9es, des responsabilit\u00e9s et comp\u00e9tences de chacun.<\/p>\n<h4><strong><u>2. Acc\u00e8s aux locaux<\/u><\/strong><\/h4>\n<p>Les clefs du local sont confi\u00e9es aux FabManagers, ainsi qu\u2019\u00e0 certains membres du bureau et \u00e0 la mairie.<\/p>\n<ul>\n<li>Les jours d\u2019ouverture, les heures et la nature des ateliers sont consultables sur le site Labo-m.club.<\/li>\n<li>En dehors de ces horaires, le fablab peut \u00eatre ouvert \u00e0 n\u2019importe quel moment en pr\u00e9sence d\u2019un FabManager :<\/li>\n<\/ul>\n<div class=\"page\" title=\"Page 1\">\n<div class=\"layoutArea\">\n<div class=\"column\">\n<ul>\n<li style=\"list-style-type: none;\">\n<ul>\n<li>BATTAIA Claude<\/li>\n<li>CHENEVAT Fix<\/li>\n<li>DEPETRIS Evelyne<\/li>\n<li>FEBVRET Franc\u0327oise<\/li>\n<li>LEBON Alain<\/li>\n<li>REMONDY Elise<\/li>\n<li>REMONDY Roger<\/li>\n<li>VINCENT Louis<\/li>\n<li>VINCENT Xavier<br \/>(Liste mise a\u0300 jour le 04\/02\/2023)<\/li>\n<\/ul>\n<\/li>\n<\/ul>\n<\/div>\n<\/div>\n<\/div>\n<h4><strong><u>3. Responsabilit\u00e9s \/S\u00e9curit\u00e9 \/ Tarifs :<\/u><\/strong><\/h4>\n<ul>\n<li><strong><u>Responsabilit\u00e9s<\/u><\/strong>\n<ul>\n<li>L\u2019adh\u00e9rent d\u00e9charge de sa responsabilit\u00e9 l\u2019association \u00ab Comit\u00e9 Animation et Culture de Montagny \u00bb en cas de dommages r\u00e9sultants d\u2019un non-respect du r\u00e8glement int\u00e9rieur, ou du non-respect des r\u00e8gles de base dict\u00e9es par le bon sens.<\/li>\n<li>L\u2019adh\u00e9rent devra respecter les restrictions d\u2019utilisation des machines et des lieux.<\/li>\n<\/ul>\n<\/li>\n<li><strong><u>S\u00e9curit\u00e9<\/u><\/strong>\n<ul>\n<li>Les mineurs sont admis au fablab sous certaines conditions :\n<ul>\n<li>Il n\u2019y a pas d\u2019\u00e2ge minimum pour l\u2019atelier dessin.<\/li>\n<li>Pour les loisirs cr\u00e9atifs, il est n\u00e9cessaire d\u2019avoir au minimum 7 ans. Cette restriction est lev\u00e9e pour les ateliers sp\u00e9cifiques exceptionnels \u00ab sp\u00e9cial enfants \u00bb ou les jeunes enfants devront \u00eatre accompagn\u00e9s d\u2019un adulte.<\/li>\n<li>Pour les autres ateliers l\u2019\u00e2ge minimum est de 12 ans.<\/li>\n<li>De 7 \u00e0 12 ans la pr\u00e9sence d\u2019un parent est indispensable.\n<ul>\n<li>L\u2019utilisation des machines (graveur laser, fraiseuse, etc\u2026) pr\u00e9sentant des risques de blessures pour les usagers et les autres personnes est interdite sans la pr\u00e9sence, l\u2019assistance et les instructions d\u2019un FabManager .<\/li>\n<li>Les mate\u0301riaux venant de l\u2019exte\u0301rieur et destine\u0301s a\u0300 e\u0302tre usine\u0301s au graveur laser ou a\u0300 la fraiseuse devront e\u0302tre valide\u0301s par un FabManager responsable de l\u2019utilisation de ces machines.<\/li>\n<li>\n<div class=\"page\" title=\"Page 2\">\n<div class=\"layoutArea\">\n<div class=\"column\">\u00a0<\/div>\n<\/div>\n<\/div>\n<\/li>\n<\/ul>\n<\/li>\n<\/ul>\n<\/li>\n<\/ul>\n<\/li>\n<\/ul>\n<ul>\n<li><strong><u>Tarifs<\/u><\/strong><\/li>\n<\/ul>\n<div class=\"page\" title=\"Page 2\">\n<div class=\"layoutArea\">\n<div class=\"column\">\n<p><strong>Montant de la cotisation, le re\u0300glement se fait pour l\u2019anne\u0301e 2023 quelle que soit la date de l\u2019adhe\u0301sion en cours d\u2019anne\u0301e :<\/strong><\/p>\n<\/div>\n<\/div>\n<\/div>\n<ul>\n<li>Tarif individuel <strong>20 \u20ac<\/strong><\/li>\n<li>Tarif pour un foyer <strong>20 \u20ac + 10 \u20ac par personne suppl\u00e9mentaire<\/strong><\/li>\n<li>Le montant de la cotisation peut e\u0302tre re\u0301vise\u0301 chaque anne\u0301e par de\u0301cision du bureau et communique\u0301 aux adhe\u0301rents lors de l\u2019Assemble\u0301e Ge\u0301ne\u0301rale de l\u2019association.\n<div class=\"page\" title=\"Page 2\">\n<div class=\"layoutArea\">\n<div class=\"column\">\u00a0<\/div>\n<\/div>\n<\/div>\n<\/li>\n<\/ul>\n<p style=\"padding-left: 40px;\"><strong>Consommables<\/strong><\/p>\n<ul>\n<li>Les consommables ne sont pas compris dans la cotisation.<\/li>\n<\/ul>\n<div class=\"page\" title=\"Page 2\">\n<div class=\"layoutArea\">\n<div class=\"column\">\n<p>Concernant les commandes de pie\u0300ces des non-adhe\u0301rents ; en supple\u0301ment des fournitures, il sera tenu compte du travail effectue\u0301 en amont : recherche, DAO, CAO etc&#8230; et un devis devra e\u0302tre e\u0301tabli avant la prise de commande. Cette consigne s\u2019applique e\u0301galement aux entreprises et administrations.<\/p>\n<p>&nbsp;<\/p>\n<\/div>\n<\/div>\n<\/div>\n<h4><strong><u>4. Propret\u00e9 des locaux<\/u><\/strong><\/h4>\n<p><span style=\"color: #ff0000;\"><strong>A la fin de chaque s\u00e9ance de travail chacun devra nettoyer son poste de travail et ranger le mat\u00e9riel utilis\u00e9. Le fablab n\u2019\u00e9tant fr\u00e9quent\u00e9 que par ses adh\u00e9rents, de temps en temps et par rotations un nettoyage complet des locaux sera programm\u00e9.<\/strong><\/span><\/p>\n<p>&nbsp;<\/p>\n<h4><strong><u>5. Droit<\/u><u> \u00e0 l\u2019image<\/u><\/strong><\/h4>\n<p>Tous les membres de l\u2019Association CAC\/fablab Labo\u2019M acceptent que leurs travaux \u2013 image \u2013 photo (dans les locaux ou les manifestations ext\u00e9rieures puissent \u00eatre diffus\u00e9s dans les m\u00e9dias (presse, radio, TV, Internet\u00a0: site Labo-m.com)<br \/>Afin d\u2019assurer la promotion de l\u2019association.<\/p>\n<p><strong>Le non-respect du r\u00e8glement pourra \u00eatre sanctionn\u00e9 d\u2019une exclusion temporaire ou d\u00e9finitive du fablab par d\u00e9cision du Bureau du CAC de Montagny. La cotisation restera acquise \u00e0 l\u2019association.<\/strong><\/p>\n<p><strong>\u00a0<\/strong><\/p>\n<p>Le CAC de Montagny\/Labo\u2019 M 1400 route de Louhans 71500 Montagny Pr\u00e8s Louhans \/ Labo-m.com \/ fablab.lab<\/p>\n<p>[\/et_pb_text][\/et_pb_column][\/et_pb_row][\/et_pb_section]<\/p>\n","protected":false},"excerpt":{"rendered":"<p>REGLEMENT INTERIEUR 2023 &#8211; FABLAB Labo\u2019M Introduction Le Fablab Labo\u2019M , Association \u00e0 but non lucratif (Loi du 1er juillet 1901 article 5) d\u00e9clar\u00e9e au JO du 20 d\u00e9cembre 2014 n\u00b0 d\u2019annonce 1345, inscrit en pr\u00e9fecture sous le n\u00b0 W714001625 et \u00e0 l\u2019INSEE n\u00b0 SIREN 808 670 277.Ce r\u00e8glement int\u00e9rieur peut \u00eatre modifi\u00e9 par les [&hellip;]<\/p>\n","protected":false},"author":29,"featured_media":0,"parent":0,"menu_order":0,"comment_status":"closed","ping_status":"closed","template":"","meta":{"_et_pb_use_builder":"on","_et_pb_old_content":"<h2 style=\"text-align: center;\"><strong>REGLEMENT INTERIEUR 2023 - FABLAB Labo\u2019M<\/strong><\/h2><h3><strong>Introduction<\/strong><\/h3><p>Le Fablab Labo\u2019M , Association \u00e0 but non lucratif (Loi du 1er juillet 1901 article 5) d\u00e9clar\u00e9e au JO du 20 d\u00e9cembre 2014 n\u00b0 d\u2019annonce 1345, inscrit en pr\u00e9fecture sous le n\u00b0 W714001625 et \u00e0 l\u2019INSEE n\u00b0 SIREN 808 670 277.<br \/>Ce r\u00e8glement int\u00e9rieur peut \u00eatre modifi\u00e9 par les membres du bureau et les FabManagers *.<\/p><p>Ce r\u00e8glement est affich\u00e9 dans les locaux du fablab 1400 Route de Louhans \u00e0 Montagny pr\u00e8s Louhans.<\/p><h3><strong>R\u00e8glement<\/strong><\/h3><ol><li><h4><strong><u>Usagers et fonctions<\/u><\/strong><\/h4><\/li><\/ol><ul><li><strong>Adh\u00e9rent : <\/strong>personne physique ou morale \u00e0 jour de cotisation.<\/li><li><strong><sup>*<\/sup>FabManager<\/strong><\/li><\/ul><p>Un FabManager est un adh\u00e9rent du Fablab fr\u00e9quentant r\u00e9guli\u00e8rement le Labo, ayant la connaissance de certaines machines et capable de former \u00e0 leur utilisation en toute s\u00e9curit\u00e9. Outre cela, il a \u00e9galement la charge\u00a0:<\/p><ul><li>De l\u2019ouverture et la fermeture du local du fablab<\/li><li>D\u2019accueillir les adh\u00e9rents et le public<\/li><li>D\u2019encadrer les activit\u00e9s (utilisation des \u00e9quipements, respect des consignes de s\u00e9curit\u00e9)<\/li><\/ul><p>\u00d8\u00a0 Par mesure de s\u00e9curit\u00e9, le fablab n\u2019est accessible qu\u2019en la pr\u00e9sence d\u2019un FabManager.<\/p><p>\u00d8\u00a0 La liste des FabManagers n\u2019est pas fig\u00e9e et peut \u00eatre modifi\u00e9e r\u00e9guli\u00e8rement en fonction du rythme des d\u00e9parts, des arriv\u00e9es, des responsabilit\u00e9s et comp\u00e9tences de chacun.<\/p><ol start=\"2\"><li><strong><u>Acc\u00e8s aux locaux<\/u><\/strong><\/li><\/ol><p>Les clefs du local sont confi\u00e9es aux FabManagers, ainsi qu\u2019\u00e0 certains membres du bureau et \u00e0 la mairie.<\/p><p>\u00d8\u00a0 Les jours d\u2019ouverture, les heures et la nature des ateliers sont consultables sur le site Labo-m.club.<\/p><p>\u00d8\u00a0 En dehors de ces horaires, le fablab peut \u00eatre ouvert \u00e0 n\u2019importe quel moment en pr\u00e9sence d\u2019un FabManager\u00a0:<\/p><div class=\"page\" title=\"Page 1\"><div class=\"layoutArea\"><div class=\"column\"><ul><li><p>BATTAIA Claude<\/p><\/li><li><p>CHENEVAT Fix<\/p><\/li><li><p>DEPETRIS Evelyne<\/p><\/li><li><p>FEBVRET Franc\u0327oise<\/p><\/li><li><p>LEBON Alain<\/p><\/li><li><p>REMONDY Elise<\/p><\/li><li><p>REMONDY Roger<\/p><\/li><li><p>VINCENT Louis<\/p><\/li><li><p>VINCENT Xavier<br \/>(Liste mise a\u0300 jour le 04\/02\/2023)<\/p><\/li><\/ul><\/div><\/div><\/div><ol start=\"3\"><li><strong><u>Responsabilit\u00e9s \/S\u00e9curit\u00e9 \/ Tarifs\u00a0:<\/u><\/strong><\/li><\/ol><p>\u00d8\u00a0 <strong><u>Responsabilit\u00e9s<\/u><\/strong><\/p><p>-\u00a0\u00a0 L\u2019adh\u00e9rent d\u00e9charge de sa responsabilit\u00e9 l\u2019association \u00ab\u00a0Comit\u00e9 Animation et Culture de Montagny\u00a0\u00bb en cas de dommages r\u00e9sultants d\u2019un non-respect du r\u00e8glement int\u00e9rieur, ou du non-respect des r\u00e8gles de base dict\u00e9es par le bon sens.<\/p><p>-\u00a0 L\u2019adh\u00e9rent devra respecter les restrictions d\u2019utilisation des machines et des lieux.<\/p><p>\u00d8\u00a0 <strong><u>S\u00e9curit\u00e9<\/u><\/strong><\/p><ul><li>Les mineurs sont admis au fablab sous certaines conditions\u00a0:<\/li><\/ul><p>- \u00a0Il n\u2019y a pas d\u2019\u00e2ge minimum pour l\u2019atelier dessin.<\/p><p>- \u00a0Pour les loisirs cr\u00e9atifs, il est n\u00e9cessaire d\u2019avoir au minimum 7 ans. Cette restriction est lev\u00e9e pour les ateliers sp\u00e9cifiques exceptionnels \u00ab\u00a0sp\u00e9cial enfants\u00a0\u00bb ou les jeunes enfants devront \u00eatre accompagn\u00e9s d\u2019un adulte.<\/p><p>- \u00a0Pour les autres ateliers l\u2019\u00e2ge minimum est de 10 ans.<\/p><p>- \u00a0De 7 \u00e0 10 ans la pr\u00e9sence d\u2019un parent est indispensable.<\/p><ul><li>L\u2019utilisation des machines (graveur laser, fraiseuse, etc\u2026) pr\u00e9sentant des risques de blessures pour les usagers et les autres personnes est interdite sans la pr\u00e9sence, l\u2019assistance et les instructions d\u2019un FabManager .<\/li><li>Pour les activit\u00e9s pr\u00e9sentant des risques, les mat\u00e9riaux \u00e0 privil\u00e9gier sont ceux fournis par le FabLab. Les mat\u00e9riaux venant de l\u2019ext\u00e9rieur et destin\u00e9s \u00e0 \u00eatre usin\u00e9s au graveur laser ou \u00e0 la fraiseuse devront \u00eatre valid\u00e9s par un FabManager responsable de l\u2019utilisation de ces machines.<\/li><\/ul><p>Les responsables de l\u2019utilisation de ces deux machines\u00a0actuelles : <strong><em>Allard Morgan, Robert Sylvain, Vincent Xavier.<\/em><\/strong><\/p><p>\u00d8\u00a0 <strong><u>Tarifs<\/u><\/strong><\/p><p>Montant de la cotisation annuelle, valable pour l\u2019ann\u00e9e civile\u00a0:<\/p><p>-\u00a0\u00a0\u00a0\u00a0\u00a0\u00a0\u00a0\u00a0\u00a0 Tarif individuel <strong>18 \u20ac<\/strong><\/p><p>-\u00a0\u00a0\u00a0\u00a0\u00a0\u00a0\u00a0\u00a0\u00a0 Tarif pour un foyer <strong>30 \u20ac<\/strong><\/p><p>-\u00a0\u00a0\u00a0\u00a0\u00a0\u00a0\u00a0\u00a0\u00a0 Tarif pour une personne morale (administration, entreprise) sera d\u00e9cid\u00e9 par le bureau lors de l\u2019AG de d\u00e9cembre 2018.<\/p><p>Consommables\u00a0:<\/p><p>-\u00a0\u00a0\u00a0\u00a0\u00a0\u00a0\u00a0\u00a0\u00a0 Les consommables ne sont pas compris dans la cotisation.<\/p><p>Concernant les commandes de pi\u00e8ces des non-adh\u00e9rents\u00a0; en suppl\u00e9ment des fournitures, il sera tenu compte du travail effectu\u00e9 en amont\u00a0: recherche, DAO, CAO etc\u2026 et un devis devra \u00eatre \u00e9tabli avant la prise de commande. Cette consigne s\u2019applique \u00e9galement aux entreprises et administrations.<\/p><ol start=\"4\"><li><strong><u>Propret\u00e9 des locaux<\/u><\/strong><\/li><\/ol><p>A la fin de chaque s\u00e9ance de travail chacun devra nettoyer son poste de travail et ranger le mat\u00e9riel utilis\u00e9. Le fablab n\u2019\u00e9tant fr\u00e9quent\u00e9 que par ses adh\u00e9rents, de temps en temps et par rotations un nettoyage complet des locaux sera programm\u00e9.<\/p><ol start=\"5\"><li><strong><u>Droit \u00e0 l\u2019image<\/u><\/strong><\/li><\/ol><p>Tous les membres de l\u2019Association CAC\/fablab Labo\u2019M acceptent que leurs travaux \u2013 image \u2013 photo (dans les locaux ou les manifestations ext\u00e9rieures puissent \u00eatre diffus\u00e9s dans les m\u00e9dias (presse, radio, TV, Internet\u00a0: site Labo-m.com)<\/p><p>Afin d\u2019assurer la promotion de l\u2019association.<\/p><p><strong>Le non-respect du r\u00e8glement pourra \u00eatre sanctionn\u00e9 d\u2019une exclusion temporaire ou d\u00e9finitive du fablab par d\u00e9cision du Bureau du CAC de Montagny. La cotisation restera acquise \u00e0 l\u2019association.<\/strong><\/p><p><strong>\u00a0<\/strong><\/p><p>Le CAC de Montagny\/Labo\u2019 M 1400 route de Louhans 71500 Montagny Pr\u00e8s Louhans \/ Labo-m.com \/ fablab.lab<\/p>","_et_gb_content_width":"","rop_custom_images_group":[],"rop_custom_messages_group":[],"rop_publish_now":"initial","rop_publish_now_accounts":{"facebook_1992431424458146_173380702515979":""},"rop_publish_now_history":[],"rop_publish_now_status":"pending","footnotes":""},"class_list":["post-1411","page","type-page","status-publish","hentry"],"yoast_head":"<!-- This site is optimized with the Yoast SEO plugin v27.3 - https:\/\/yoast.com\/product\/yoast-seo-wordpress\/ -->\n<title>R\u00e8glement int\u00e9rieur - Le FabLab<\/title>\n<meta name=\"robots\" content=\"noindex, follow, max-snippet:-1, max-image-preview:large, max-video-preview:-1\" \/>\n<meta property=\"og:locale\" content=\"fr_FR\" \/>\n<meta property=\"og:type\" content=\"article\" \/>\n<meta property=\"og:title\" content=\"R\u00e8glement int\u00e9rieur - Le FabLab\" \/>\n<meta property=\"og:description\" content=\"REGLEMENT INTERIEUR 2023 - FABLAB Labo\u2019M Introduction Le Fablab Labo\u2019M , Association \u00e0 but non lucratif (Loi du 1er juillet 1901 article 5) d\u00e9clar\u00e9e au JO du 20 d\u00e9cembre 2014 n\u00b0 d\u2019annonce 1345, inscrit en pr\u00e9fecture sous le n\u00b0 W714001625 et \u00e0 l\u2019INSEE n\u00b0 SIREN 808 670 277.Ce r\u00e8glement int\u00e9rieur peut \u00eatre modifi\u00e9 par les [&hellip;]\" \/>\n<meta property=\"og:url\" content=\"https:\/\/fablab-montagny-pres-louhans.fr\/index.php\/reglement-interieur\/\" \/>\n<meta property=\"og:site_name\" content=\"Le FabLab\" \/>\n<meta property=\"article:publisher\" content=\"https:\/\/www.facebook.com\/fablab.labom\/\" \/>\n<meta property=\"article:modified_time\" content=\"2023-04-01T10:22:00+00:00\" \/>\n<meta name=\"twitter:card\" content=\"summary_large_image\" \/>\n<meta name=\"twitter:label1\" content=\"Dur\u00e9e de lecture estim\u00e9e\" \/>\n\t<meta name=\"twitter:data1\" content=\"4 minutes\" \/>\n<script type=\"application\/ld+json\" class=\"yoast-schema-graph\">{\"@context\":\"https:\\\/\\\/schema.org\",\"@graph\":[{\"@type\":\"WebPage\",\"@id\":\"https:\\\/\\\/fablab-montagny-pres-louhans.fr\\\/index.php\\\/reglement-interieur\\\/\",\"url\":\"https:\\\/\\\/fablab-montagny-pres-louhans.fr\\\/index.php\\\/reglement-interieur\\\/\",\"name\":\"R\u00e8glement int\u00e9rieur - Le FabLab\",\"isPartOf\":{\"@id\":\"https:\\\/\\\/fablab-montagny-pres-louhans.fr\\\/#website\"},\"datePublished\":\"2018-07-30T12:21:38+00:00\",\"dateModified\":\"2023-04-01T10:22:00+00:00\",\"breadcrumb\":{\"@id\":\"https:\\\/\\\/fablab-montagny-pres-louhans.fr\\\/index.php\\\/reglement-interieur\\\/#breadcrumb\"},\"inLanguage\":\"fr-FR\",\"potentialAction\":[{\"@type\":\"ReadAction\",\"target\":[\"https:\\\/\\\/fablab-montagny-pres-louhans.fr\\\/index.php\\\/reglement-interieur\\\/\"]}]},{\"@type\":\"BreadcrumbList\",\"@id\":\"https:\\\/\\\/fablab-montagny-pres-louhans.fr\\\/index.php\\\/reglement-interieur\\\/#breadcrumb\",\"itemListElement\":[{\"@type\":\"ListItem\",\"position\":1,\"name\":\"Accueil\",\"item\":\"https:\\\/\\\/fablab-montagny-pres-louhans.fr\\\/\"},{\"@type\":\"ListItem\",\"position\":2,\"name\":\"R\u00e8glement int\u00e9rieur\"}]},{\"@type\":\"WebSite\",\"@id\":\"https:\\\/\\\/fablab-montagny-pres-louhans.fr\\\/#website\",\"url\":\"https:\\\/\\\/fablab-montagny-pres-louhans.fr\\\/\",\"name\":\"Le FabLab\",\"description\":\"Le premier de Bresse\",\"publisher\":{\"@id\":\"https:\\\/\\\/fablab-montagny-pres-louhans.fr\\\/#organization\"},\"potentialAction\":[{\"@type\":\"SearchAction\",\"target\":{\"@type\":\"EntryPoint\",\"urlTemplate\":\"https:\\\/\\\/fablab-montagny-pres-louhans.fr\\\/?s={search_term_string}\"},\"query-input\":{\"@type\":\"PropertyValueSpecification\",\"valueRequired\":true,\"valueName\":\"search_term_string\"}}],\"inLanguage\":\"fr-FR\"},{\"@type\":\"Organization\",\"@id\":\"https:\\\/\\\/fablab-montagny-pres-louhans.fr\\\/#organization\",\"name\":\"Le FabLab\",\"url\":\"https:\\\/\\\/fablab-montagny-pres-louhans.fr\\\/\",\"logo\":{\"@type\":\"ImageObject\",\"inLanguage\":\"fr-FR\",\"@id\":\"https:\\\/\\\/fablab-montagny-pres-louhans.fr\\\/#\\\/schema\\\/logo\\\/image\\\/\",\"url\":\"https:\\\/\\\/fablab-montagny-pres-louhans.fr\\\/wp-content\\\/uploads\\\/2023\\\/02\\\/FABALB-logo.png\",\"contentUrl\":\"https:\\\/\\\/fablab-montagny-pres-louhans.fr\\\/wp-content\\\/uploads\\\/2023\\\/02\\\/FABALB-logo.png\",\"width\":250,\"height\":260,\"caption\":\"Le FabLab\"},\"image\":{\"@id\":\"https:\\\/\\\/fablab-montagny-pres-louhans.fr\\\/#\\\/schema\\\/logo\\\/image\\\/\"},\"sameAs\":[\"https:\\\/\\\/www.facebook.com\\\/fablab.labom\\\/\"]}]}<\/script>\n<!-- \/ Yoast SEO plugin. -->","yoast_head_json":{"title":"R\u00e8glement int\u00e9rieur - Le FabLab","robots":{"index":"noindex","follow":"follow","max-snippet":"max-snippet:-1","max-image-preview":"max-image-preview:large","max-video-preview":"max-video-preview:-1"},"og_locale":"fr_FR","og_type":"article","og_title":"R\u00e8glement int\u00e9rieur - Le FabLab","og_description":"REGLEMENT INTERIEUR 2023 - FABLAB Labo\u2019M Introduction Le Fablab Labo\u2019M , Association \u00e0 but non lucratif (Loi du 1er juillet 1901 article 5) d\u00e9clar\u00e9e au JO du 20 d\u00e9cembre 2014 n\u00b0 d\u2019annonce 1345, inscrit en pr\u00e9fecture sous le n\u00b0 W714001625 et \u00e0 l\u2019INSEE n\u00b0 SIREN 808 670 277.Ce r\u00e8glement int\u00e9rieur peut \u00eatre modifi\u00e9 par les [&hellip;]","og_url":"https:\/\/fablab-montagny-pres-louhans.fr\/index.php\/reglement-interieur\/","og_site_name":"Le FabLab","article_publisher":"https:\/\/www.facebook.com\/fablab.labom\/","article_modified_time":"2023-04-01T10:22:00+00:00","twitter_card":"summary_large_image","twitter_misc":{"Dur\u00e9e de lecture estim\u00e9e":"4 minutes"},"schema":{"@context":"https:\/\/schema.org","@graph":[{"@type":"WebPage","@id":"https:\/\/fablab-montagny-pres-louhans.fr\/index.php\/reglement-interieur\/","url":"https:\/\/fablab-montagny-pres-louhans.fr\/index.php\/reglement-interieur\/","name":"R\u00e8glement int\u00e9rieur - Le FabLab","isPartOf":{"@id":"https:\/\/fablab-montagny-pres-louhans.fr\/#website"},"datePublished":"2018-07-30T12:21:38+00:00","dateModified":"2023-04-01T10:22:00+00:00","breadcrumb":{"@id":"https:\/\/fablab-montagny-pres-louhans.fr\/index.php\/reglement-interieur\/#breadcrumb"},"inLanguage":"fr-FR","potentialAction":[{"@type":"ReadAction","target":["https:\/\/fablab-montagny-pres-louhans.fr\/index.php\/reglement-interieur\/"]}]},{"@type":"BreadcrumbList","@id":"https:\/\/fablab-montagny-pres-louhans.fr\/index.php\/reglement-interieur\/#breadcrumb","itemListElement":[{"@type":"ListItem","position":1,"name":"Accueil","item":"https:\/\/fablab-montagny-pres-louhans.fr\/"},{"@type":"ListItem","position":2,"name":"R\u00e8glement int\u00e9rieur"}]},{"@type":"WebSite","@id":"https:\/\/fablab-montagny-pres-louhans.fr\/#website","url":"https:\/\/fablab-montagny-pres-louhans.fr\/","name":"Le FabLab","description":"Le premier de Bresse","publisher":{"@id":"https:\/\/fablab-montagny-pres-louhans.fr\/#organization"},"potentialAction":[{"@type":"SearchAction","target":{"@type":"EntryPoint","urlTemplate":"https:\/\/fablab-montagny-pres-louhans.fr\/?s={search_term_string}"},"query-input":{"@type":"PropertyValueSpecification","valueRequired":true,"valueName":"search_term_string"}}],"inLanguage":"fr-FR"},{"@type":"Organization","@id":"https:\/\/fablab-montagny-pres-louhans.fr\/#organization","name":"Le FabLab","url":"https:\/\/fablab-montagny-pres-louhans.fr\/","logo":{"@type":"ImageObject","inLanguage":"fr-FR","@id":"https:\/\/fablab-montagny-pres-louhans.fr\/#\/schema\/logo\/image\/","url":"https:\/\/fablab-montagny-pres-louhans.fr\/wp-content\/uploads\/2023\/02\/FABALB-logo.png","contentUrl":"https:\/\/fablab-montagny-pres-louhans.fr\/wp-content\/uploads\/2023\/02\/FABALB-logo.png","width":250,"height":260,"caption":"Le FabLab"},"image":{"@id":"https:\/\/fablab-montagny-pres-louhans.fr\/#\/schema\/logo\/image\/"},"sameAs":["https:\/\/www.facebook.com\/fablab.labom\/"]}]}},"_links":{"self":[{"href":"https:\/\/fablab-montagny-pres-louhans.fr\/index.php\/wp-json\/wp\/v2\/pages\/1411","targetHints":{"allow":["GET"]}}],"collection":[{"href":"https:\/\/fablab-montagny-pres-louhans.fr\/index.php\/wp-json\/wp\/v2\/pages"}],"about":[{"href":"https:\/\/fablab-montagny-pres-louhans.fr\/index.php\/wp-json\/wp\/v2\/types\/page"}],"author":[{"embeddable":true,"href":"https:\/\/fablab-montagny-pres-louhans.fr\/index.php\/wp-json\/wp\/v2\/users\/29"}],"replies":[{"embeddable":true,"href":"https:\/\/fablab-montagny-pres-louhans.fr\/index.php\/wp-json\/wp\/v2\/comments?post=1411"}],"version-history":[{"count":10,"href":"https:\/\/fablab-montagny-pres-louhans.fr\/index.php\/wp-json\/wp\/v2\/pages\/1411\/revisions"}],"predecessor-version":[{"id":248523,"href":"https:\/\/fablab-montagny-pres-louhans.fr\/index.php\/wp-json\/wp\/v2\/pages\/1411\/revisions\/248523"}],"wp:attachment":[{"href":"https:\/\/fablab-montagny-pres-louhans.fr\/index.php\/wp-json\/wp\/v2\/media?parent=1411"}],"curies":[{"name":"wp","href":"https:\/\/api.w.org\/{rel}","templated":true}]}}